{"id":7,"date":"2025-09-12T17:12:28","date_gmt":"2025-09-12T17:12:28","guid":{"rendered":"https:\/\/www.icv.org.pe\/?page_id=7"},"modified":"2025-09-15T21:01:13","modified_gmt":"2025-09-15T21:01:13","slug":"home","status":"publish","type":"page","link":"https:\/\/www.icv.org.pe\/","title":{"rendered":"Home"},"content":{"rendered":"\n\n\n<h2>Nuestros Ministerios&nbsp;<\/h2>\n\n\n\n\n\n\n<h6>MINISTERIO DIACONO<\/h6>\n<p>En la Biblia, un di\u00e1cono es un \u00absiervo\u00bb o \u00abministro\u00bb (del griego diakonos) que desempe\u00f1a un rol vital de servicio a Dios y a la comunidad dentro de la iglesia, ejemplificando la interdependencia de la adoraci\u00f3n y el servicio. Este rol, que tiene un origen apost\u00f3lico para atender necesidades sociales, actualmente implica funciones como leer el Evangelio, asistir a los sacerdotes, y realizar labores de caridad y asistencia a los necesitados<\/p>\n\n\n<h2>MINISTERIO DE DAMAS<\/h2>\n<h6>MUJER DE FE Y UNCION<\/h6>\n<p>As\u00ed, el ministerio para las mujeres es un lugar donde las l\u00edderes siervas sirven a las mujeres y al mismo tiempo, las ense\u00f1an a servir a otros de una forma b\u00edblica. Aunque tengamos tiempos de entretenimiento, no es un club social, sino un lugar donde aprendemos a hacer todo para la gloria de Dios (1\u00aa Corintios 10:31)..<\/p>\n\n\n\n\n\n\n\n\n<h6>GENERACION DE TIMOTEOS<\/h6>\n<p>Un \u00abMinisterio de Adolescentes\u00bb o ministerio juvenil es un programa o iniciativa, t\u00edpicamente dentro de una iglesia o comunidad religiosa, enfocado en la formaci\u00f3n espiritual y el desarrollo integral de j\u00f3venes y adolescentes. Su objetivo es facilitar la conexi\u00f3n de los adolescentes con su fe, promover el discipulado de Cristo, y fomentar un compromiso duradero con la comunidad religiosa, mientras se les ofrece un entorno de apoyo y comunida.<\/p>\n\n\n\n\n<h6>MINISTERIO DE EVANGELISMO<\/h6>\n<p>Un Ministerio de Evangelismo es un grupo dentro de una iglesia o iglesia dedicado a compartir el mensaje del evangelio de Jesucristo con personas no creyentes, a menudo mediante la predicaci\u00f3n, el servicio comunitario y el discipulado, para que las personas crean, se arrepientan y sigan a Jes\u00fas. Este ministerio puede incluir la capacitaci\u00f3n de miembros en la evangelizaci\u00f3n, la organizaci\u00f3n de campa\u00f1as evangel\u00edsticas, el discipulado de nuevos creyentes y la realizaci\u00f3n de actividades de servicio en la comunidad. <\/p>\n\n\n<h2>MINISTERIO DE MISIONES<\/h2>\n<h6>HASTA LO ULTIMO DE LA TIERRA<\/h6>\n<p>Un Ministerio de Misiones es una iniciativa de iglesias u organizaciones religiosas enfocada en extender la fe cristiana y el apoyo social a diversas comunidades, tanto a nivel local como internacional. Su objetivo principal es cumplir el mandato de compartir el Evangelio de Jesucristo, atraer nuevos creyentes, discipular y fortalecer comunidades, y ofrecer asistencia social, emocional y espiritual a quienes la necesiten. .<\/p>\n\n\n\n\n\n\n\n\n<h6>VIENTO RECIO<\/h6>\n<p>Un Ministerio de Alabanza es un servicio espiritual dentro de una iglesia cristiana dedicado a guiar a la congregaci\u00f3n en la adoraci\u00f3n y exaltaci\u00f3n de Dios a trav\u00e9s de la m\u00fasica y el canto. M\u00e1s que una banda, es un ministerio, lo que implica servir a Dios y a la iglesia mediante la m\u00fasica para crear una atm\u00f3sfera donde la presencia divina sea sentida y se fortalezca la fe. Los miembros de un ministerio de alabanza deben vivir una vida de devoci\u00f3n, poseer talento musical, y buscar la excelencia en su servicio para glorificar a Dios. .<\/p>\n\n\n\n\n<h6>MINISTERIO DE DANZA<\/h6>\n<p>Un ministerio de danza es un grupo o equipo dentro de una iglesia o comunidad religiosa, donde personas utilizan la danza como una forma de adorar a Dios, expresar sentimientos, comunicar mensajes de fe y edificar a la congregaci\u00f3n. Su objetivo principal es servir a Dios a trav\u00e9s de la danza, sirviendo tambi\u00e9n a otras personas al ser un canal para la manifestaci\u00f3n de la presencia divina y llevar la palabra a trav\u00e9s del cuerpo.  <\/p>\n\n\n<h2>MINISTERIO DE ESCUELA DOMINICAL<\/h2>\n<p>El Ministerio de Escuela Dominical es la acci\u00f3n eclesi\u00e1stica dedicada a la ense\u00f1anza b\u00edblica, el discipulado y la formaci\u00f3n en valores cristianos para ni\u00f1os, j\u00f3venes y adultos, dentro de un ambiente seguro y acogedor, asegurando la continuidad espiritual de la iglesia y el servicio a la comunidad. Este ministerio, organizado con maestros y materiales adecuados, se enfoca en la instrucci\u00f3n sistem\u00e1tica de la Palabra de Dios, formando en los creyentes el car\u00e1cter de Cristo y prepar\u00e1ndolos para vivir seg\u00fan los principios b\u00edblicos. . .<\/p>\n\n\n\n\n\n\n\n\n<h6>HOMBRES DE VALOR<\/h6>\n<p>Un Ministerio de Caballeros es una hermandad o grupo de hombres dentro de una iglesia o comunidad religiosa que buscan crecer espiritualmente, profundizar su relaci\u00f3n con Dios, ser mejores esposos y padres, y servir a su comunidad y a la misi\u00f3n de la iglesia. Estos ministerios ofrecen actividades como estudios b\u00edblicos, eventos de compa\u00f1erismo, y oportunidades de servicio para equipar a los hombres para ser disc\u00edpulos de Cristo y l\u00edderes en sus hogares y en la sociedad. .<\/p>\n\n\nUn Ministerio de Multimedia y Comunicaci\u00f3n, generalmente en el contexto de una iglesia, es un equipo de trabajo que utiliza medios tecnol\u00f3gicos y audiovisuales para difundir mensajes, mantener informada a la congregaci\u00f3n y llevar a cabo las actividades de la organizaci\u00f3n. Sus funciones incluyen la producci\u00f3n de contenido como videos, im\u00e1genes y dise\u00f1o gr\u00e1fico; la cobertura de eventos; y la gesti\u00f3n de redes sociales para una comunicaci\u00f3n efectiva y un mayor alcance.\n\n\n\n\nPasaje Emilio Castillo con Av Alameda &#8211; Puerto Maldonado\n\n\n\n\n{\u00abname_widget\u00bb:\u00bbVisitas\u00bb,\u00bbuseronline_widget\u00bb:\u00bb1&#8243;,\u00bbtvisit_widget\u00bb:\u00bb1&#8243;,\u00bbtvisitor_widget\u00bb:\u00bb1&#8243;,\u00bbyvisit_widget\u00bb:\u00bb1&#8243;,\u00bbyvisitor_widget\u00bb:\u00bb1&#8243;,\u00bbwvisit_widget\u00bb:\u00bb1&#8243;,\u00bbmvisit_widget\u00bb:\u00bb1&#8243;,\u00bbysvisit_widget\u00bb:\u00bb1&#8243;,\u00bbttvisit_widget\u00bb:\u00bb1&#8243;,\u00bbttvisitor_widget\u00bb:\u00bb1&#8243;,\u00bbtpviews_widget\u00bb:\u00bb1&#8243;,\u00bbser_widget\u00bb:\u00bb1&#8243;,\u00bbtp_widget\u00bb:\u00bb1&#8243;,\u00bbtpg_widget\u00bb:\u00bb1&#8243;,\u00bbtc_widget\u00bb:\u00bb1&#8243;,\u00bbts_widget\u00bb:\u00bb1&#8243;,\u00bbtu_widget\u00bb:\u00bb1&#8243;,\u00bbap_widget\u00bb:\u00bb1&#8243;,\u00bbac_widget\u00bb:\u00bb1&#8243;,\u00bbau_widget\u00bb:\u00bb1&#8243;,\u00bblpd_widget\u00bb:\u00bb1&#8243;,\u00bbwp_statistics_control_widget_submit\u00bb:\u00bb1&#8243;}\n\n\n\n\n\n\n\n\n\nPASTORES\n<p><span style=\"color: rgb(242, 242, 242);\"> +51 992 212 665<\/span><\/p>\n\n\n\n\n<p><span style=\"color: rgb(242, 242, 242);\"> +91 99876657890<\/span><\/p>\n<img decoding=\"async\" src=\"https:\/\/qrcode.tec-it.com\/API\/QRCode?size=Small&#038;data=https:\/\/playerv.srvif.com\/player-app-multi-plataforma\/tvicv\" width=\"auto\" height=\"200\" \/>\n\n\n<h1 style=\"color: rgb(255, 255, 255);\">TV ICV<\/h1>\n<iframe style=\"width:100%; height:100%;\" src=\"https:\/\/playerv.srvif.com\/video\/tvicv\/1\/true\/false\/WXpOU2RHUnFTWFZqTTBveVlWZFpkVmt5T1hRPSsz\/16:9\/\" scrolling=\"si\" frameborder=\"0\" allowfullscreen><\/iframe>\n<a href=\"https:\/\/playerv.srvif.com\/player-app-multi-plataforma\/tvicv\" target=\"_blank\"><img loading=\"lazy\" decoding=\"async\" src=\"https:\/\/playerv.srvif.com\/app-multi-plataforma\/img-instalar-app-android.png\" width=\"150\" height=\"48\" \/><\/a>\n.<a href=\"https:\/\/playerv.srvif.com\/player-app-multi-plataforma\/tvicv\" target=\"_blank\"><img loading=\"lazy\" decoding=\"async\" src=\"https:\/\/playerv.srvif.com\/app-multi-plataforma\/img-instalar-app-iphone.png\" width=\"150\" height=\"48\" \/><\/a>\n<\/p>\n<a href=\"https:\/\/playerv.srvif.com\/player-app-multi-plataforma\/tvicv\" target=\"_blank\"><img loading=\"lazy\" decoding=\"async\" src=\"https:\/\/playerv.srvif.com\/app-multi-plataforma\/img-instalar-app-windows.png\" width=\"150\" height=\"48\" \/><\/a>\n\n\nDIRECCION\nPRINCIPAL\n<p><span style=\"color:#ffffff;\">Pasaje Emilio Castillo con Av Alameda &#8211; Puerto Maldonado<\/span><\/p>\nANEXOS\n\nCUSCO\nCOMUNIDAD NATIVA YINE TIPISKA\n\n\n\nCONTACTO\n\n\n\n\nVia Email:\n\nTELEFONE\n\n\n\n\n\n\n\n","protected":false},"excerpt":{"rendered":"","protected":false},"author":1,"featured_media":0,"parent":0,"menu_order":0,"comment_status":"closed","ping_status":"closed","template":"page-template\/custom-home-page.php","meta":{"pagelayer_contact_templates":[],"_pagelayer_content":"","footnotes":""},"class_list":["post-7","page","type-page","status-publish","hentry"],"_links":{"self":[{"href":"https:\/\/www.icv.org.pe\/index.php?rest_route=\/wp\/v2\/pages\/7","targetHints":{"allow":["GET"]}}],"collection":[{"href":"https:\/\/www.icv.org.pe\/index.php?rest_route=\/wp\/v2\/pages"}],"about":[{"href":"https:\/\/www.icv.org.pe\/index.php?rest_route=\/wp\/v2\/types\/page"}],"author":[{"embeddable":true,"href":"https:\/\/www.icv.org.pe\/index.php?rest_route=\/wp\/v2\/users\/1"}],"replies":[{"embeddable":true,"href":"https:\/\/www.icv.org.pe\/index.php?rest_route=%2Fwp%2Fv2%2Fcomments&post=7"}],"version-history":[{"count":15,"href":"https:\/\/www.icv.org.pe\/index.php?rest_route=\/wp\/v2\/pages\/7\/revisions"}],"predecessor-version":[{"id":153,"href":"https:\/\/www.icv.org.pe\/index.php?rest_route=\/wp\/v2\/pages\/7\/revisions\/153"}],"wp:attachment":[{"href":"https:\/\/www.icv.org.pe\/index.php?rest_route=%2Fwp%2Fv2%2Fmedia&parent=7"}],"curies":[{"name":"wp","href":"https:\/\/api.w.org\/{rel}","templated":true}]}}